{"id":4,"date":"2018-01-11T04:17:12","date_gmt":"2018-01-11T03:17:12","guid":{"rendered":"http:\/\/www.hokisushi-gennevilliers.com\/?page_id=4"},"modified":"2023-01-31T16:11:14","modified_gmt":"2023-01-31T15:11:14","slug":"accueil","status":"publish","type":"page","link":"https:\/\/www.hokisushi-gennevilliers.com\/","title":{"rendered":"ACCUEIL"},"content":{"rendered":"<p>&nbsp;<\/p>\n<p>Adeptes de sushi, sashimi, yakitori, maki et autres sp\u00e9cialit\u00e9s japonaises&#8230; venez partager un moment de convivialit\u00e9 en famille ou entre amis autour de plats fra\u00eechement pr\u00e9par\u00e9s, dans un cadre de qualit\u00e9 au d\u00e9cor particuli\u00e8rement soign\u00e9.<\/p>\n<p>&nbsp;<\/p>\n<p><img loading=\"lazy\" decoding=\"async\" class=\"size-medium wp-image-1521 alignright\" src=\"http:\/\/www.hokisushi-gennevilliers.com\/wp-content\/uploads\/2018\/04\/facade-300x199.jpg\" alt=\"\" width=\"300\" height=\"199\" srcset=\"https:\/\/www.hokisushi-gennevilliers.com\/wp-content\/uploads\/2018\/04\/facade-300x199.jpg 300w, https:\/\/www.hokisushi-gennevilliers.com\/wp-content\/uploads\/2018\/04\/facade.jpg 520w\" sizes=\"auto, (max-width: 300px) 100vw, 300px\" \/>Le restaurant est ouvert du lundi au samedi de 12h \u00e0 15h et de 19h \u00e0 23h (ferm\u00e9 le dimanche) et met \u00e0 votre disposition une terrasse pour les beaux jours.<\/p>\n<p>Vous pouvez consommer sur place, vous faire livrer ou emporter vos plats !<\/p>\n<p>&nbsp;<\/p>\n<h4>Service de livraison<\/h4>\n<p>Tous les soirs \u00e0 partir de 15\u20ac minimum<br \/>\nUn California saumon avocat offert pour 2 menus achet\u00e9s<\/p>\n<p>&nbsp;<\/p>\n<p>Restaurant japonais HOKI SUSHI<br \/>\n32 Rue Henri Barbusse<br \/>\n92230 GENNEVILLIERS<\/p>\n<p>T\u00e9l : 01 40 86 30 98 (en cas de saturation : 06 35 28 26 50)<\/p>\n","protected":false},"excerpt":{"rendered":"<p>&nbsp; Adeptes de sushi, sashimi, yakitori, maki et autres sp\u00e9cialit\u00e9s japonaises&#8230; venez partager un moment de convivialit\u00e9 en famille ou entre amis autour de plats fra\u00eechement pr\u00e9par\u00e9s, dans un cadre de qualit\u00e9 au d\u00e9cor particuli\u00e8rement soign\u00e9. &nbsp; Le restaurant est<\/p>\n","protected":false},"author":1,"featured_media":0,"parent":0,"menu_order":0,"comment_status":"closed","ping_status":"closed","template":"","meta":{"footnotes":""},"class_list":["post-4","page","type-page","status-publish","hentry"],"_links":{"self":[{"href":"https:\/\/www.hokisushi-gennevilliers.com\/index.php\/wp-json\/wp\/v2\/pages\/4","targetHints":{"allow":["GET"]}}],"collection":[{"href":"https:\/\/www.hokisushi-gennevilliers.com\/index.php\/wp-json\/wp\/v2\/pages"}],"about":[{"href":"https:\/\/www.hokisushi-gennevilliers.com\/index.php\/wp-json\/wp\/v2\/types\/page"}],"author":[{"embeddable":true,"href":"https:\/\/www.hokisushi-gennevilliers.com\/index.php\/wp-json\/wp\/v2\/users\/1"}],"replies":[{"embeddable":true,"href":"https:\/\/www.hokisushi-gennevilliers.com\/index.php\/wp-json\/wp\/v2\/comments?post=4"}],"version-history":[{"count":22,"href":"https:\/\/www.hokisushi-gennevilliers.com\/index.php\/wp-json\/wp\/v2\/pages\/4\/revisions"}],"predecessor-version":[{"id":1756,"href":"https:\/\/www.hokisushi-gennevilliers.com\/index.php\/wp-json\/wp\/v2\/pages\/4\/revisions\/1756"}],"wp:attachment":[{"href":"https:\/\/www.hokisushi-gennevilliers.com\/index.php\/wp-json\/wp\/v2\/media?parent=4"}],"curies":[{"name":"wp","href":"https:\/\/api.w.org\/{rel}","templated":true}]}}